{"id":17,"date":"2018-10-17T07:16:22","date_gmt":"2018-10-17T07:16:22","guid":{"rendered":"https:\/\/as-bau-service.de\/?page_id=17"},"modified":"2018-10-17T07:40:59","modified_gmt":"2018-10-17T07:40:59","slug":"startseite","status":"publish","type":"page","link":"https:\/\/as-bau-service.de\/","title":{"rendered":"SUBE MAURERMEISTER"},"content":{"rendered":"<div id=\"u1605-16\" class=\"clearfix colelem\" data-muse-uid=\"U1605\" data-muse-type=\"txt_frame\" data-ibe-flags=\"txtStyleSrc\">\n<p id=\"u1605-2\">\nBauunternehmung Sube steht f\u00fcr \u00fcber 25 Jahre Qualit\u00e4t, Kontinuit\u00e4t, Erfahrung, Wissen. Bei uns verbindet sich die Leidenschaft f\u00fcr gutes Bauen mit Ordnung, Zuverl\u00e4ssigkeit und Vertrauen.<\/p>\n<\/div>\n","protected":false},"excerpt":{"rendered":"<p>Bauunternehmung Sube steht f\u00fcr \u00fcber 25 Jahre Qualit\u00e4t, Kontinuit\u00e4t, Erfahrung, Wissen. Bei uns verbindet sich die Leidenschaft f\u00fcr gutes Bauen mit Ordnung, Zuverl\u00e4ssigkeit und Vertrauen.<\/p>\n","protected":false},"author":1,"featured_media":0,"parent":0,"menu_order":0,"comment_status":"closed","ping_status":"closed","template":"","meta":{"footnotes":""},"class_list":["post-17","page","type-page","status-publish","hentry"],"_links":{"self":[{"href":"https:\/\/as-bau-service.de\/index.php\/wp-json\/wp\/v2\/pages\/17","targetHints":{"allow":["GET"]}}],"collection":[{"href":"https:\/\/as-bau-service.de\/index.php\/wp-json\/wp\/v2\/pages"}],"about":[{"href":"https:\/\/as-bau-service.de\/index.php\/wp-json\/wp\/v2\/types\/page"}],"author":[{"embeddable":true,"href":"https:\/\/as-bau-service.de\/index.php\/wp-json\/wp\/v2\/users\/1"}],"replies":[{"embeddable":true,"href":"https:\/\/as-bau-service.de\/index.php\/wp-json\/wp\/v2\/comments?post=17"}],"version-history":[{"count":3,"href":"https:\/\/as-bau-service.de\/index.php\/wp-json\/wp\/v2\/pages\/17\/revisions"}],"predecessor-version":[{"id":65,"href":"https:\/\/as-bau-service.de\/index.php\/wp-json\/wp\/v2\/pages\/17\/revisions\/65"}],"wp:attachment":[{"href":"https:\/\/as-bau-service.de\/index.php\/wp-json\/wp\/v2\/media?parent=17"}],"curies":[{"name":"wp","href":"https:\/\/api.w.org\/{rel}","templated":true}]}}